{"id":8844,"date":"2023-03-22T08:37:39","date_gmt":"2023-03-22T07:37:39","guid":{"rendered":"https:\/\/okochoko.com\/?page_id=8844"},"modified":"2025-10-19T07:00:35","modified_gmt":"2025-10-19T06:00:35","slug":"mentions-legales","status":"publish","type":"page","link":"https:\/\/okochoko.com\/en\/mentions-legales\/","title":{"rendered":"Terms of use"},"content":{"rendered":"<div data-elementor-type=\"wp-page\" data-elementor-id=\"8844\" class=\"elementor elementor-8844\">\n\t\t\t\t<div class=\"wd-negative-gap elementor-element elementor-element-f2a1f7f wd-section-stretch e-flex e-con-boxed e-con e-parent\" data-id=\"f2a1f7f\" data-element_type=\"container\" data-settings=\"{&quot;background_background&quot;:&quot;classic&quot;}\">\n\t\t\t\t\t<div class=\"e-con-inner\">\n\t\t<div class=\"elementor-element elementor-element-fc9366a e-con-full e-flex e-con e-child\" data-id=\"fc9366a\" data-element_type=\"container\">\n\t\t\t\t<div class=\"elementor-element elementor-element-98691b2 elementor-widget elementor-widget-heading\" data-id=\"98691b2\" data-element_type=\"widget\" data-widget_type=\"heading.default\">\n\t\t\t\t<div class=\"elementor-widget-container\">\n\t\t\t\t\t<h2 class=\"elementor-heading-title elementor-size-default\">Company name:<\/h2>\t\t\t\t<\/div>\n\t\t\t\t<\/div>\n\t\t\t\t<div class=\"elementor-element elementor-element-e33b5b0 color-scheme-inherit text-left elementor-widget elementor-widget-text-editor\" data-id=\"e33b5b0\" data-element_type=\"widget\" data-widget_type=\"text-editor.default\">\n\t\t\t\t<div class=\"elementor-widget-container\">\n\t\t\t\t\t\t\t\t\t<p>OKO B\u00e9nin Sarl<\/p>\t\t\t\t\t\t\t\t<\/div>\n\t\t\t\t<\/div>\n\t\t\t\t<div class=\"elementor-element elementor-element-8e69a3e elementor-widget elementor-widget-heading\" data-id=\"8e69a3e\" data-element_type=\"widget\" data-widget_type=\"heading.default\">\n\t\t\t\t<div class=\"elementor-widget-container\">\n\t\t\t\t\t<h2 class=\"elementor-heading-title elementor-size-default\">Brand:<\/h2>\t\t\t\t<\/div>\n\t\t\t\t<\/div>\n\t\t\t\t<div class=\"elementor-element elementor-element-c59eeb5 color-scheme-inherit text-left elementor-widget elementor-widget-text-editor\" data-id=\"c59eeb5\" data-element_type=\"widget\" data-widget_type=\"text-editor.default\">\n\t\t\t\t<div class=\"elementor-widget-container\">\n\t\t\t\t\t\t\t\t\t<p>OKOCHOKO<\/p>\t\t\t\t\t\t\t\t<\/div>\n\t\t\t\t<\/div>\n\t\t\t\t<div class=\"elementor-element elementor-element-d2be173 elementor-widget elementor-widget-heading\" data-id=\"d2be173\" data-element_type=\"widget\" data-widget_type=\"heading.default\">\n\t\t\t\t<div class=\"elementor-widget-container\">\n\t\t\t\t\t<h2 class=\"elementor-heading-title elementor-size-default\">Head office:<\/h2>\t\t\t\t<\/div>\n\t\t\t\t<\/div>\n\t\t\t\t<div class=\"elementor-element elementor-element-c2a3dba color-scheme-inherit text-left elementor-widget elementor-widget-text-editor\" data-id=\"c2a3dba\" data-element_type=\"widget\" data-widget_type=\"text-editor.default\">\n\t\t\t\t<div class=\"elementor-widget-container\">\n\t\t\t\t\t\t\t\t\t<p>1338 Sainte Rita Cotonou<\/p>\t\t\t\t\t\t\t\t<\/div>\n\t\t\t\t<\/div>\n\t\t\t\t<div class=\"elementor-element elementor-element-1539c00 elementor-widget elementor-widget-heading\" data-id=\"1539c00\" data-element_type=\"widget\" data-widget_type=\"heading.default\">\n\t\t\t\t<div class=\"elementor-widget-container\">\n\t\t\t\t\t<h2 class=\"elementor-heading-title elementor-size-default\">RCCM  RB\/COT\/20 B 27455 - IFU :<\/h2>\t\t\t\t<\/div>\n\t\t\t\t<\/div>\n\t\t\t\t<div class=\"elementor-element elementor-element-a4073ae color-scheme-inherit text-left elementor-widget elementor-widget-text-editor\" data-id=\"a4073ae\" data-element_type=\"widget\" data-widget_type=\"text-editor.default\">\n\t\t\t\t<div class=\"elementor-widget-container\">\n\t\t\t\t\t\t\t\t\t<p>3202011652774<\/p>\t\t\t\t\t\t\t\t<\/div>\n\t\t\t\t<\/div>\n\t\t\t\t<div class=\"elementor-element elementor-element-47599de elementor-widget elementor-widget-heading\" data-id=\"47599de\" data-element_type=\"widget\" data-widget_type=\"heading.default\">\n\t\t\t\t<div class=\"elementor-widget-container\">\n\t\t\t\t\t<h2 class=\"elementor-heading-title elementor-size-default\">Email Address:<\/h2>\t\t\t\t<\/div>\n\t\t\t\t<\/div>\n\t\t\t\t<div class=\"elementor-element elementor-element-52fb7d6 color-scheme-inherit text-left elementor-widget elementor-widget-text-editor\" data-id=\"52fb7d6\" data-element_type=\"widget\" data-widget_type=\"text-editor.default\">\n\t\t\t\t<div class=\"elementor-widget-container\">\n\t\t\t\t\t\t\t\t\t<p>okochoko2020@gmail.com<\/p>\t\t\t\t\t\t\t\t<\/div>\n\t\t\t\t<\/div>\n\t\t\t\t<div class=\"elementor-element elementor-element-9f9c031 elementor-widget elementor-widget-heading\" data-id=\"9f9c031\" data-element_type=\"widget\" data-widget_type=\"heading.default\">\n\t\t\t\t<div class=\"elementor-widget-container\">\n\t\t\t\t\t<h2 class=\"elementor-heading-title elementor-size-default\">Social networks:<\/h2>\t\t\t\t<\/div>\n\t\t\t\t<\/div>\n\t\t\t\t<div class=\"elementor-element elementor-element-a22862d elementor-shape-circle e-grid-align-left elementor-grid-0 elementor-widget elementor-widget-social-icons\" data-id=\"a22862d\" data-element_type=\"widget\" data-widget_type=\"social-icons.default\">\n\t\t\t\t<div class=\"elementor-widget-container\">\n\t\t\t\t\t\t\t<div class=\"elementor-social-icons-wrapper elementor-grid\" role=\"list\">\n\t\t\t\t\t\t\t<span class=\"elementor-grid-item\" role=\"listitem\">\n\t\t\t\t\t<a class=\"elementor-icon elementor-social-icon elementor-social-icon-twitter elementor-repeater-item-ca930bb\" href=\"https:\/\/twitter.com\/OKOCHOKO1\" target=\"_blank\">\n\t\t\t\t\t\t<span class=\"elementor-screen-only\">Twitter<\/span>\n\t\t\t\t\t\t<i aria-hidden=\"true\" class=\"fab fa-twitter\"><\/i>\t\t\t\t\t<\/a>\n\t\t\t\t<\/span>\n\t\t\t\t\t\t\t<span class=\"elementor-grid-item\" role=\"listitem\">\n\t\t\t\t\t<a class=\"elementor-icon elementor-social-icon elementor-social-icon-facebook elementor-repeater-item-0c66fce\" href=\"https:\/\/web.facebook.com\/okochokobenin\" target=\"_blank\">\n\t\t\t\t\t\t<span class=\"elementor-screen-only\">Facebook<\/span>\n\t\t\t\t\t\t<i aria-hidden=\"true\" class=\"fab fa-facebook\"><\/i>\t\t\t\t\t<\/a>\n\t\t\t\t<\/span>\n\t\t\t\t\t\t\t<span class=\"elementor-grid-item\" role=\"listitem\">\n\t\t\t\t\t<a class=\"elementor-icon elementor-social-icon elementor-social-icon-instagram elementor-repeater-item-c829a01\" href=\"https:\/\/www.instagram.com\/okochoko_benin\/?hl=fr\" target=\"_blank\">\n\t\t\t\t\t\t<span class=\"elementor-screen-only\">Instagram<\/span>\n\t\t\t\t\t\t<i aria-hidden=\"true\" class=\"fab fa-instagram\"><\/i>\t\t\t\t\t<\/a>\n\t\t\t\t<\/span>\n\t\t\t\t\t<\/div>\n\t\t\t\t\t\t<\/div>\n\t\t\t\t<\/div>\n\t\t\t\t<div class=\"elementor-element elementor-element-b815b51 elementor-widget elementor-widget-heading\" data-id=\"b815b51\" data-element_type=\"widget\" data-widget_type=\"heading.default\">\n\t\t\t\t<div class=\"elementor-widget-container\">\n\t\t\t\t\t<h2 class=\"elementor-heading-title elementor-size-default\">T\u00e9l:<\/h2>\t\t\t\t<\/div>\n\t\t\t\t<\/div>\n\t\t\t\t<div class=\"elementor-element elementor-element-100d0d4 color-scheme-inherit text-left elementor-widget elementor-widget-text-editor\" data-id=\"100d0d4\" data-element_type=\"widget\" data-widget_type=\"text-editor.default\">\n\t\t\t\t<div class=\"elementor-widget-container\">\n\t\t\t\t\t\t\t\t\t+229 69 63 80 80\t\t\t\t\t\t\t\t<\/div>\n\t\t\t\t<\/div>\n\t\t\t\t<div class=\"elementor-element elementor-element-405031d elementor-widget elementor-widget-heading\" data-id=\"405031d\" data-element_type=\"widget\" data-widget_type=\"heading.default\">\n\t\t\t\t<div class=\"elementor-widget-container\">\n\t\t\t\t\t<h2 class=\"elementor-heading-title elementor-size-default\">INTELLECTUAL PROPERTY:<\/h2>\t\t\t\t<\/div>\n\t\t\t\t<\/div>\n\t\t\t\t<div class=\"elementor-element elementor-element-25e62ae color-scheme-inherit text-left elementor-widget elementor-widget-text-editor\" data-id=\"25e62ae\" data-element_type=\"widget\" data-widget_type=\"text-editor.default\">\n\t\t\t\t<div class=\"elementor-widget-container\">\n\t\t\t\t\t\t\t\t\t<p class=\"translation-block\">The company name, the OKOCHOKO brand and the OKOCHOKO.COM website are protected under the copyright provisions defined by <br>OAPI and following of the Intellectual Property Code. OKO Benin is the owner of all intellectual property rights on the <br>OKOCHOKO brand and the elements making up the site. Without prejudice to the provisions of the Intellectual Property Code, any <br>representation, reproduction or distribution, in whole or in part, of the site, on any medium whatsoever, without the express prior authorization of <br>OKO Benin \/ OKOCHOKO, constitutes an act of counterfeiting, punishable by the Intellectual Property Code of the same code. Furthermore, the <br>OKOCHOKO brand is protected according to the OAPI Intellectual Property Code. Any representation, reproduction or distribution, in whole or in part, of the OKOCHOKO brand, on any medium whatsoever, without the express prior authorization of OKO Benin constitutes an act of counterfeiting and offenders are liable to legal action.<\/p>\t\t\t\t\t\t\t\t<\/div>\n\t\t\t\t<\/div>\n\t\t\t\t<\/div>\n\t\t\t\t\t<\/div>\n\t\t\t\t<\/div>\n\t\t\t\t<\/div>","protected":false},"excerpt":{"rendered":"<p>Raison sociale: OKO B\u00e9nin Sarl Marque: OKOCHOKO Si\u00e8ge social: 1338 Sainte Rita Cotonou RCCM RB\/COT\/20 B 27455 &#8211; IFU :<\/p>","protected":false},"author":1,"featured_media":0,"parent":0,"menu_order":0,"comment_status":"closed","ping_status":"closed","template":"","meta":{"_glsr_average":0,"_glsr_ranking":0,"_glsr_reviews":0,"footnotes":""},"class_list":["post-8844","page","type-page","status-publish","hentry"],"yoast_head":"<!-- This site is optimized with the Yoast SEO plugin v26.2 - https:\/\/yoast.com\/wordpress\/plugins\/seo\/ -->\n<title>Mentions l\u00e9gales - okochoko.com<\/title>\n<meta name=\"robots\" content=\"index, follow, max-snippet:-1, max-image-preview:large, max-video-preview:-1\" \/>\n<link rel=\"canonical\" href=\"https:\/\/okochoko.com\/en\/mentions-legales\/\" \/>\n<meta property=\"og:locale\" content=\"en_US\" \/>\n<meta property=\"og:type\" content=\"article\" \/>\n<meta property=\"og:title\" content=\"Mentions l\u00e9gales - okochoko.com\" \/>\n<meta property=\"og:description\" content=\"Raison sociale: OKO B\u00e9nin Sarl Marque: OKOCHOKO Si\u00e8ge social: 1338 Sainte Rita Cotonou RCCM RB\/COT\/20 B 27455 &#8211; IFU :\" \/>\n<meta property=\"og:url\" content=\"https:\/\/okochoko.com\/en\/mentions-legales\/\" \/>\n<meta property=\"og:site_name\" content=\"okochoko.com\" \/>\n<meta property=\"article:modified_time\" content=\"2025-10-19T06:00:35+00:00\" \/>\n<meta name=\"twitter:card\" content=\"summary_large_image\" \/>\n<meta name=\"twitter:label1\" content=\"Est. reading time\" \/>\n\t<meta name=\"twitter:data1\" content=\"2 minutes\" \/>\n<script type=\"application\/ld+json\" class=\"yoast-schema-graph\">{\"@context\":\"https:\/\/schema.org\",\"@graph\":[{\"@type\":\"WebPage\",\"@id\":\"https:\/\/okochoko.com\/mentions-legales\/\",\"url\":\"https:\/\/okochoko.com\/mentions-legales\/\",\"name\":\"Mentions l\u00e9gales - okochoko.com\",\"isPartOf\":{\"@id\":\"https:\/\/okochoko.com\/#website\"},\"datePublished\":\"2023-03-22T07:37:39+00:00\",\"dateModified\":\"2025-10-19T06:00:35+00:00\",\"breadcrumb\":{\"@id\":\"https:\/\/okochoko.com\/mentions-legales\/#breadcrumb\"},\"inLanguage\":\"en-US\",\"potentialAction\":[{\"@type\":\"ReadAction\",\"target\":[\"https:\/\/okochoko.com\/mentions-legales\/\"]}]},{\"@type\":\"BreadcrumbList\",\"@id\":\"https:\/\/okochoko.com\/mentions-legales\/#breadcrumb\",\"itemListElement\":[{\"@type\":\"ListItem\",\"position\":1,\"name\":\"Home\",\"item\":\"https:\/\/okochoko.com\/\"},{\"@type\":\"ListItem\",\"position\":2,\"name\":\"Mentions l\u00e9gales\"}]},{\"@type\":\"WebSite\",\"@id\":\"https:\/\/okochoko.com\/#website\",\"url\":\"https:\/\/okochoko.com\/\",\"name\":\"okochoko.com\",\"description\":\"Bienvenue\",\"publisher\":{\"@id\":\"https:\/\/okochoko.com\/#organization\"},\"potentialAction\":[{\"@type\":\"SearchAction\",\"target\":{\"@type\":\"EntryPoint\",\"urlTemplate\":\"https:\/\/okochoko.com\/?s={search_term_string}\"},\"query-input\":{\"@type\":\"PropertyValueSpecification\",\"valueRequired\":true,\"valueName\":\"search_term_string\"}}],\"inLanguage\":\"en-US\"},{\"@type\":\"Organization\",\"@id\":\"https:\/\/okochoko.com\/#organization\",\"name\":\"okochoko.com\",\"url\":\"https:\/\/okochoko.com\/\",\"logo\":{\"@type\":\"ImageObject\",\"inLanguage\":\"en-US\",\"@id\":\"https:\/\/okochoko.com\/#\/schema\/logo\/image\/\",\"url\":\"https:\/\/okochoko.com\/wp-content\/uploads\/2023\/03\/cropped-Logo-Jpg-scaled-1-e1736333391448.jpg\",\"contentUrl\":\"https:\/\/okochoko.com\/wp-content\/uploads\/2023\/03\/cropped-Logo-Jpg-scaled-1-e1736333391448.jpg\",\"width\":150,\"height\":150,\"caption\":\"okochoko.com\"},\"image\":{\"@id\":\"https:\/\/okochoko.com\/#\/schema\/logo\/image\/\"}}]}<\/script>\n<!-- \/ Yoast SEO plugin. -->","yoast_head_json":{"title":"Mentions l\u00e9gales - okochoko.com","robots":{"index":"index","follow":"follow","max-snippet":"max-snippet:-1","max-image-preview":"max-image-preview:large","max-video-preview":"max-video-preview:-1"},"canonical":"https:\/\/okochoko.com\/en\/mentions-legales\/","og_locale":"en_US","og_type":"article","og_title":"Mentions l\u00e9gales - okochoko.com","og_description":"Raison sociale: OKO B\u00e9nin Sarl Marque: OKOCHOKO Si\u00e8ge social: 1338 Sainte Rita Cotonou RCCM RB\/COT\/20 B 27455 &#8211; IFU :","og_url":"https:\/\/okochoko.com\/en\/mentions-legales\/","og_site_name":"okochoko.com","article_modified_time":"2025-10-19T06:00:35+00:00","twitter_card":"summary_large_image","twitter_misc":{"Est. reading time":"2 minutes"},"schema":{"@context":"https:\/\/schema.org","@graph":[{"@type":"WebPage","@id":"https:\/\/okochoko.com\/mentions-legales\/","url":"https:\/\/okochoko.com\/mentions-legales\/","name":"Mentions l\u00e9gales - okochoko.com","isPartOf":{"@id":"https:\/\/okochoko.com\/#website"},"datePublished":"2023-03-22T07:37:39+00:00","dateModified":"2025-10-19T06:00:35+00:00","breadcrumb":{"@id":"https:\/\/okochoko.com\/mentions-legales\/#breadcrumb"},"inLanguage":"en-US","potentialAction":[{"@type":"ReadAction","target":["https:\/\/okochoko.com\/mentions-legales\/"]}]},{"@type":"BreadcrumbList","@id":"https:\/\/okochoko.com\/mentions-legales\/#breadcrumb","itemListElement":[{"@type":"ListItem","position":1,"name":"Home","item":"https:\/\/okochoko.com\/"},{"@type":"ListItem","position":2,"name":"Mentions l\u00e9gales"}]},{"@type":"WebSite","@id":"https:\/\/okochoko.com\/#website","url":"https:\/\/okochoko.com\/","name":"okochoko.com","description":"Bienvenue","publisher":{"@id":"https:\/\/okochoko.com\/#organization"},"potentialAction":[{"@type":"SearchAction","target":{"@type":"EntryPoint","urlTemplate":"https:\/\/okochoko.com\/?s={search_term_string}"},"query-input":{"@type":"PropertyValueSpecification","valueRequired":true,"valueName":"search_term_string"}}],"inLanguage":"en-US"},{"@type":"Organization","@id":"https:\/\/okochoko.com\/#organization","name":"okochoko.com","url":"https:\/\/okochoko.com\/","logo":{"@type":"ImageObject","inLanguage":"en-US","@id":"https:\/\/okochoko.com\/#\/schema\/logo\/image\/","url":"https:\/\/okochoko.com\/wp-content\/uploads\/2023\/03\/cropped-Logo-Jpg-scaled-1-e1736333391448.jpg","contentUrl":"https:\/\/okochoko.com\/wp-content\/uploads\/2023\/03\/cropped-Logo-Jpg-scaled-1-e1736333391448.jpg","width":150,"height":150,"caption":"okochoko.com"},"image":{"@id":"https:\/\/okochoko.com\/#\/schema\/logo\/image\/"}}]}},"_links":{"self":[{"href":"https:\/\/okochoko.com\/en\/wp-json\/wp\/v2\/pages\/8844","targetHints":{"allow":["GET"]}}],"collection":[{"href":"https:\/\/okochoko.com\/en\/wp-json\/wp\/v2\/pages"}],"about":[{"href":"https:\/\/okochoko.com\/en\/wp-json\/wp\/v2\/types\/page"}],"author":[{"embeddable":true,"href":"https:\/\/okochoko.com\/en\/wp-json\/wp\/v2\/users\/1"}],"replies":[{"embeddable":true,"href":"https:\/\/okochoko.com\/en\/wp-json\/wp\/v2\/comments?post=8844"}],"version-history":[{"count":44,"href":"https:\/\/okochoko.com\/en\/wp-json\/wp\/v2\/pages\/8844\/revisions"}],"predecessor-version":[{"id":15343,"href":"https:\/\/okochoko.com\/en\/wp-json\/wp\/v2\/pages\/8844\/revisions\/15343"}],"wp:attachment":[{"href":"https:\/\/okochoko.com\/en\/wp-json\/wp\/v2\/media?parent=8844"}],"curies":[{"name":"wp","href":"https:\/\/api.w.org\/{rel}","templated":true}]}}