{"id":8470,"date":"2023-03-13T10:57:28","date_gmt":"2023-03-13T09:57:28","guid":{"rendered":"https:\/\/okochoko.com\/?post_type=product&#038;p=8470"},"modified":"2024-09-25T23:49:08","modified_gmt":"2024-09-25T22:49:08","slug":"okochoko-lait-100-g","status":"publish","type":"product","link":"https:\/\/okochoko.com\/en\/product\/okochoko-lait-100-g\/","title":{"rendered":"OKOCHOKO Milk 100 G"},"content":{"rendered":"<p>Ingr\u00e9dients :<\/p>\n<ul>\n<li>Cacao du B\u00e9nin (min 45%) ;<\/li>\n<li>Beurre de cacao du B\u00e9nin (min 45%) ;<\/li>\n<li>Lait en poudre ;<\/li>\n<li>Sucre roux ;<\/li>\n<li>Vanille.<\/li>\n<\/ul>\n<p>Pr\u00e9sence possible de traces de fruits \u00e0 coque. Dur\u00e9e de conservation : 12 mois<\/p>","protected":false},"excerpt":{"rendered":"<p>Ingr\u00e9dients :<\/p>\n<ul>\n<li>Cacao du B\u00e9nin (min 45%) ;<\/li>\n<li>Beurre de cacao du B\u00e9nin (min 45%) ;<\/li>\n<li>Lait en poudre ;<\/li>\n<li>Sucre roux ;<\/li>\n<li>Vanille.<\/li>\n<\/ul>\n<p>Pr\u00e9sence possible de traces de fruits \u00e0 coque. Dur\u00e9e de conservation : 12 mois<\/p>","protected":false},"featured_media":13964,"comment_status":"open","ping_status":"closed","template":"","meta":{"_glsr_average":0,"_glsr_ranking":0,"_glsr_reviews":0},"product_brand":[],"product_cat":[78,70],"product_tag":[],"class_list":{"0":"post-8470","1":"product","2":"type-product","3":"status-publish","4":"has-post-thumbnail","6":"product_cat-particuliers","7":"product_cat-tablettes","9":"first","10":"instock","11":"taxable","12":"shipping-taxable","13":"purchasable","14":"product-type-simple"},"yoast_head":"<!-- This site is optimized with the Yoast SEO plugin v26.2 - https:\/\/yoast.com\/wordpress\/plugins\/seo\/ -->\n<title>OKOCHOKO Lait 100 G - okochoko.com<\/title>\n<meta name=\"robots\" content=\"index, follow, max-snippet:-1, max-image-preview:large, max-video-preview:-1\" \/>\n<link rel=\"canonical\" href=\"https:\/\/okochoko.com\/en\/product\/okochoko-lait-100-g\/\" \/>\n<meta property=\"og:locale\" content=\"en_US\" \/>\n<meta property=\"og:type\" content=\"article\" \/>\n<meta property=\"og:title\" content=\"OKOCHOKO Lait 100 G - okochoko.com\" \/>\n<meta property=\"og:description\" content=\"Ingr\u00e9dients :   Cacao du B\u00e9nin (min 45%) ;  Beurre de cacao du B\u00e9nin (min 45%) ;  Lait en poudre ;  Sucre roux ;  Vanille.  Pr\u00e9sence possible de traces de fruits \u00e0 coque. Dur\u00e9e de conservation : 12 mois\" \/>\n<meta property=\"og:url\" content=\"https:\/\/okochoko.com\/en\/product\/okochoko-lait-100-g\/\" \/>\n<meta property=\"og:site_name\" content=\"okochoko.com\" \/>\n<meta property=\"article:modified_time\" content=\"2024-09-25T22:49:08+00:00\" \/>\n<meta property=\"og:image\" content=\"https:\/\/okochoko.com\/wp-content\/uploads\/2024\/08\/Chocolat-Lait-100-G-2-scaled.jpg\" \/>\n\t<meta property=\"og:image:width\" content=\"2560\" \/>\n\t<meta property=\"og:image:height\" content=\"2047\" \/>\n\t<meta property=\"og:image:type\" content=\"image\/jpeg\" \/>\n<meta name=\"twitter:card\" content=\"summary_large_image\" \/>\n<script type=\"application\/ld+json\" class=\"yoast-schema-graph\">{\"@context\":\"https:\/\/schema.org\",\"@graph\":[{\"@type\":\"WebPage\",\"@id\":\"https:\/\/okochoko.com\/product\/okochoko-lait-100-g\/\",\"url\":\"https:\/\/okochoko.com\/product\/okochoko-lait-100-g\/\",\"name\":\"OKOCHOKO Lait 100 G - okochoko.com\",\"isPartOf\":{\"@id\":\"https:\/\/okochoko.com\/#website\"},\"primaryImageOfPage\":{\"@id\":\"https:\/\/okochoko.com\/product\/okochoko-lait-100-g\/#primaryimage\"},\"image\":{\"@id\":\"https:\/\/okochoko.com\/product\/okochoko-lait-100-g\/#primaryimage\"},\"thumbnailUrl\":\"https:\/\/okochoko.com\/wp-content\/uploads\/2024\/08\/Chocolat-Lait-100-G-2-scaled.jpg\",\"datePublished\":\"2023-03-13T09:57:28+00:00\",\"dateModified\":\"2024-09-25T22:49:08+00:00\",\"breadcrumb\":{\"@id\":\"https:\/\/okochoko.com\/product\/okochoko-lait-100-g\/#breadcrumb\"},\"inLanguage\":\"en-US\",\"potentialAction\":[{\"@type\":\"ReadAction\",\"target\":[\"https:\/\/okochoko.com\/product\/okochoko-lait-100-g\/\"]}]},{\"@type\":\"ImageObject\",\"inLanguage\":\"en-US\",\"@id\":\"https:\/\/okochoko.com\/product\/okochoko-lait-100-g\/#primaryimage\",\"url\":\"https:\/\/okochoko.com\/wp-content\/uploads\/2024\/08\/Chocolat-Lait-100-G-2-scaled.jpg\",\"contentUrl\":\"https:\/\/okochoko.com\/wp-content\/uploads\/2024\/08\/Chocolat-Lait-100-G-2-scaled.jpg\",\"width\":2560,\"height\":2047,\"caption\":\"???????????\"},{\"@type\":\"BreadcrumbList\",\"@id\":\"https:\/\/okochoko.com\/product\/okochoko-lait-100-g\/#breadcrumb\",\"itemListElement\":[{\"@type\":\"ListItem\",\"position\":1,\"name\":\"Home\",\"item\":\"https:\/\/okochoko.com\/\"},{\"@type\":\"ListItem\",\"position\":2,\"name\":\"Boutique\",\"item\":\"https:\/\/okochoko.com\/achat\/\"},{\"@type\":\"ListItem\",\"position\":3,\"name\":\"OKOCHOKO Lait 100 G\"}]},{\"@type\":\"WebSite\",\"@id\":\"https:\/\/okochoko.com\/#website\",\"url\":\"https:\/\/okochoko.com\/\",\"name\":\"okochoko.com\",\"description\":\"Bienvenue\",\"publisher\":{\"@id\":\"https:\/\/okochoko.com\/#organization\"},\"potentialAction\":[{\"@type\":\"SearchAction\",\"target\":{\"@type\":\"EntryPoint\",\"urlTemplate\":\"https:\/\/okochoko.com\/?s={search_term_string}\"},\"query-input\":{\"@type\":\"PropertyValueSpecification\",\"valueRequired\":true,\"valueName\":\"search_term_string\"}}],\"inLanguage\":\"en-US\"},{\"@type\":\"Organization\",\"@id\":\"https:\/\/okochoko.com\/#organization\",\"name\":\"okochoko.com\",\"url\":\"https:\/\/okochoko.com\/\",\"logo\":{\"@type\":\"ImageObject\",\"inLanguage\":\"en-US\",\"@id\":\"https:\/\/okochoko.com\/#\/schema\/logo\/image\/\",\"url\":\"https:\/\/okochoko.com\/wp-content\/uploads\/2023\/03\/cropped-Logo-Jpg-scaled-1-e1736333391448.jpg\",\"contentUrl\":\"https:\/\/okochoko.com\/wp-content\/uploads\/2023\/03\/cropped-Logo-Jpg-scaled-1-e1736333391448.jpg\",\"width\":150,\"height\":150,\"caption\":\"okochoko.com\"},\"image\":{\"@id\":\"https:\/\/okochoko.com\/#\/schema\/logo\/image\/\"}}]}<\/script>\n<!-- \/ Yoast SEO plugin. -->","yoast_head_json":{"title":"OKOCHOKO Lait 100 G - okochoko.com","robots":{"index":"index","follow":"follow","max-snippet":"max-snippet:-1","max-image-preview":"max-image-preview:large","max-video-preview":"max-video-preview:-1"},"canonical":"https:\/\/okochoko.com\/en\/product\/okochoko-lait-100-g\/","og_locale":"en_US","og_type":"article","og_title":"OKOCHOKO Lait 100 G - okochoko.com","og_description":"Ingr\u00e9dients :   Cacao du B\u00e9nin (min 45%) ;  Beurre de cacao du B\u00e9nin (min 45%) ;  Lait en poudre ;  Sucre roux ;  Vanille.  Pr\u00e9sence possible de traces de fruits \u00e0 coque. Dur\u00e9e de conservation : 12 mois","og_url":"https:\/\/okochoko.com\/en\/product\/okochoko-lait-100-g\/","og_site_name":"okochoko.com","article_modified_time":"2024-09-25T22:49:08+00:00","og_image":[{"width":2560,"height":2047,"url":"https:\/\/okochoko.com\/wp-content\/uploads\/2024\/08\/Chocolat-Lait-100-G-2-scaled.jpg","type":"image\/jpeg"}],"twitter_card":"summary_large_image","schema":{"@context":"https:\/\/schema.org","@graph":[{"@type":"WebPage","@id":"https:\/\/okochoko.com\/product\/okochoko-lait-100-g\/","url":"https:\/\/okochoko.com\/product\/okochoko-lait-100-g\/","name":"OKOCHOKO Lait 100 G - okochoko.com","isPartOf":{"@id":"https:\/\/okochoko.com\/#website"},"primaryImageOfPage":{"@id":"https:\/\/okochoko.com\/product\/okochoko-lait-100-g\/#primaryimage"},"image":{"@id":"https:\/\/okochoko.com\/product\/okochoko-lait-100-g\/#primaryimage"},"thumbnailUrl":"https:\/\/okochoko.com\/wp-content\/uploads\/2024\/08\/Chocolat-Lait-100-G-2-scaled.jpg","datePublished":"2023-03-13T09:57:28+00:00","dateModified":"2024-09-25T22:49:08+00:00","breadcrumb":{"@id":"https:\/\/okochoko.com\/product\/okochoko-lait-100-g\/#breadcrumb"},"inLanguage":"en-US","potentialAction":[{"@type":"ReadAction","target":["https:\/\/okochoko.com\/product\/okochoko-lait-100-g\/"]}]},{"@type":"ImageObject","inLanguage":"en-US","@id":"https:\/\/okochoko.com\/product\/okochoko-lait-100-g\/#primaryimage","url":"https:\/\/okochoko.com\/wp-content\/uploads\/2024\/08\/Chocolat-Lait-100-G-2-scaled.jpg","contentUrl":"https:\/\/okochoko.com\/wp-content\/uploads\/2024\/08\/Chocolat-Lait-100-G-2-scaled.jpg","width":2560,"height":2047,"caption":"???????????"},{"@type":"BreadcrumbList","@id":"https:\/\/okochoko.com\/product\/okochoko-lait-100-g\/#breadcrumb","itemListElement":[{"@type":"ListItem","position":1,"name":"Home","item":"https:\/\/okochoko.com\/"},{"@type":"ListItem","position":2,"name":"Boutique","item":"https:\/\/okochoko.com\/achat\/"},{"@type":"ListItem","position":3,"name":"OKOCHOKO Lait 100 G"}]},{"@type":"WebSite","@id":"https:\/\/okochoko.com\/#website","url":"https:\/\/okochoko.com\/","name":"okochoko.com","description":"Bienvenue","publisher":{"@id":"https:\/\/okochoko.com\/#organization"},"potentialAction":[{"@type":"SearchAction","target":{"@type":"EntryPoint","urlTemplate":"https:\/\/okochoko.com\/?s={search_term_string}"},"query-input":{"@type":"PropertyValueSpecification","valueRequired":true,"valueName":"search_term_string"}}],"inLanguage":"en-US"},{"@type":"Organization","@id":"https:\/\/okochoko.com\/#organization","name":"okochoko.com","url":"https:\/\/okochoko.com\/","logo":{"@type":"ImageObject","inLanguage":"en-US","@id":"https:\/\/okochoko.com\/#\/schema\/logo\/image\/","url":"https:\/\/okochoko.com\/wp-content\/uploads\/2023\/03\/cropped-Logo-Jpg-scaled-1-e1736333391448.jpg","contentUrl":"https:\/\/okochoko.com\/wp-content\/uploads\/2023\/03\/cropped-Logo-Jpg-scaled-1-e1736333391448.jpg","width":150,"height":150,"caption":"okochoko.com"},"image":{"@id":"https:\/\/okochoko.com\/#\/schema\/logo\/image\/"}}]}},"_links":{"self":[{"href":"https:\/\/okochoko.com\/en\/wp-json\/wp\/v2\/product\/8470","targetHints":{"allow":["GET"]}}],"collection":[{"href":"https:\/\/okochoko.com\/en\/wp-json\/wp\/v2\/product"}],"about":[{"href":"https:\/\/okochoko.com\/en\/wp-json\/wp\/v2\/types\/product"}],"replies":[{"embeddable":true,"href":"https:\/\/okochoko.com\/en\/wp-json\/wp\/v2\/comments?post=8470"}],"version-history":[{"count":2,"href":"https:\/\/okochoko.com\/en\/wp-json\/wp\/v2\/product\/8470\/revisions"}],"predecessor-version":[{"id":13519,"href":"https:\/\/okochoko.com\/en\/wp-json\/wp\/v2\/product\/8470\/revisions\/13519"}],"wp:featuredmedia":[{"embeddable":true,"href":"https:\/\/okochoko.com\/en\/wp-json\/wp\/v2\/media\/13964"}],"wp:attachment":[{"href":"https:\/\/okochoko.com\/en\/wp-json\/wp\/v2\/media?parent=8470"}],"wp:term":[{"taxonomy":"product_brand","embeddable":true,"href":"https:\/\/okochoko.com\/en\/wp-json\/wp\/v2\/product_brand?post=8470"},{"taxonomy":"product_cat","embeddable":true,"href":"https:\/\/okochoko.com\/en\/wp-json\/wp\/v2\/product_cat?post=8470"},{"taxonomy":"product_tag","embeddable":true,"href":"https:\/\/okochoko.com\/en\/wp-json\/wp\/v2\/product_tag?post=8470"}],"curies":[{"name":"wp","href":"https:\/\/api.w.org\/{rel}","templated":true}]}}