{"id":8510,"date":"2023-03-13T11:23:03","date_gmt":"2023-03-13T10:23:03","guid":{"rendered":"https:\/\/okochoko.com\/?post_type=product&#038;p=8510"},"modified":"2025-10-15T18:19:53","modified_gmt":"2025-10-15T17:19:53","slug":"coffret-de-24-pralines-okochoko","status":"publish","type":"product","link":"https:\/\/okochoko.com\/en\/product\/coffret-de-24-pralines-okochoko\/","title":{"rendered":"Box of 24 OKOCHOKO pralines"},"content":{"rendered":"<p>Le coffret de pralin\u00e9s OKOCHOKO est une boite de 240g. Il contient 24 pralin\u00e9s faits \u00e0 base de noix d\u2019anacarde du B\u00e9nin dont la qualit\u00e9 est bien reconnue. Les noix de cajou subissent une double torr\u00e9faction qui r\u00e9v\u00e8le leur saveur et leurs aromes. Gr\u00e2ce \u00e0 une technique sp\u00e9ciale, nous donnons un craquant \u00e0 la praline qui est enrob\u00e9e dans le chocolat. Chaque pi\u00e8ce est r\u00e9alis\u00e9e \u00e0 la main pi\u00e8ce par pi\u00e8ce par notre \u00e9quipe. Le coffret contient 6 pralin\u00e9s aux formes et saveurs diff\u00e9rentes. Le coffret de pralin\u00e9s est \u00e9l\u00e9gant, adapt\u00e9 pour \u00eatre offert en cadeau ou pour \u00eatre d\u00e9gust\u00e9 en famille ou entre amis. C\u2019est recommand\u00e9 aussi bien pour tous les \u00e2ges.<\/p>","protected":false},"excerpt":{"rendered":"<p>Le coffret de pralin\u00e9s OKOCHOKO est une boite de 240g. Il contient 24 pralin\u00e9s faits \u00e0 base de noix d\u2019anacarde du B\u00e9nin dont la qualit\u00e9 est bien reconnue. Les noix de cajou subissent une double torr\u00e9faction qui r\u00e9v\u00e8le leur saveur et leurs aromes. Gr\u00e2ce \u00e0 une technique sp\u00e9ciale, nous donnons un craquant \u00e0 la praline qui est enrob\u00e9e dans le chocolat. Chaque pi\u00e8ce est r\u00e9alis\u00e9e \u00e0 la main pi\u00e8ce par pi\u00e8ce par notre \u00e9quipe. Le coffret contient 6 pralin\u00e9s aux formes et saveurs diff\u00e9rentes. Le coffret de pralin\u00e9s est \u00e9l\u00e9gant, adapt\u00e9 pour \u00eatre offert en cadeau ou pour \u00eatre d\u00e9gust\u00e9 en famille ou entre amis. C\u2019est recommand\u00e9 aussi bien pour tous les \u00e2ges.<\/p>","protected":false},"featured_media":15208,"comment_status":"open","ping_status":"closed","template":"","meta":{"_glsr_average":0,"_glsr_ranking":0,"_glsr_reviews":0},"product_brand":[],"product_cat":[72,78],"product_tag":[],"class_list":{"0":"post-8510","1":"product","2":"type-product","3":"status-publish","4":"has-post-thumbnail","6":"product_cat-bonbons-et-pralines","7":"product_cat-particuliers","9":"first","10":"instock","11":"taxable","12":"shipping-taxable","13":"purchasable","14":"product-type-simple"},"yoast_head":"<!-- This site is optimized with the Yoast SEO plugin v26.2 - https:\/\/yoast.com\/wordpress\/plugins\/seo\/ -->\n<title>Coffret de 24 pralin\u00e9s OKOCHOKO - okochoko.com<\/title>\n<meta name=\"robots\" content=\"index, follow, max-snippet:-1, max-image-preview:large, max-video-preview:-1\" \/>\n<link rel=\"canonical\" href=\"https:\/\/okochoko.com\/en\/product\/coffret-de-24-pralines-okochoko\/\" \/>\n<meta property=\"og:locale\" content=\"en_US\" \/>\n<meta property=\"og:type\" content=\"article\" \/>\n<meta property=\"og:title\" content=\"Coffret de 24 pralin\u00e9s OKOCHOKO - okochoko.com\" \/>\n<meta property=\"og:description\" content=\"Le coffret de pralin\u00e9s OKOCHOKO est une boite de 240g. Il contient 24 pralin\u00e9s faits \u00e0 base de noix d\u2019anacarde du B\u00e9nin dont la qualit\u00e9 est bien reconnue. Les noix de cajou subissent une double torr\u00e9faction qui r\u00e9v\u00e8le leur saveur et leurs aromes. Gr\u00e2ce \u00e0 une technique sp\u00e9ciale, nous donnons un craquant \u00e0 la praline qui est enrob\u00e9e dans le chocolat. Chaque pi\u00e8ce est r\u00e9alis\u00e9e \u00e0 la main pi\u00e8ce par pi\u00e8ce par notre \u00e9quipe. Le coffret contient 6 pralin\u00e9s aux formes et saveurs diff\u00e9rentes. Le coffret de pralin\u00e9s est \u00e9l\u00e9gant, adapt\u00e9 pour \u00eatre offert en cadeau ou pour \u00eatre d\u00e9gust\u00e9 en famille ou entre amis. C\u2019est recommand\u00e9 aussi bien pour tous les \u00e2ges.\" \/>\n<meta property=\"og:url\" content=\"https:\/\/okochoko.com\/en\/product\/coffret-de-24-pralines-okochoko\/\" \/>\n<meta property=\"og:site_name\" content=\"okochoko.com\" \/>\n<meta property=\"article:modified_time\" content=\"2025-10-15T17:19:53+00:00\" \/>\n<meta property=\"og:image\" content=\"https:\/\/okochoko.com\/wp-content\/uploads\/2023\/03\/Boite-de-24-pralines-2-scaled-1000.png\" \/>\n\t<meta property=\"og:image:width\" content=\"1000\" \/>\n\t<meta property=\"og:image:height\" content=\"801\" \/>\n\t<meta property=\"og:image:type\" content=\"image\/png\" \/>\n<meta name=\"twitter:card\" content=\"summary_large_image\" \/>\n<meta name=\"twitter:label1\" content=\"Est. reading time\" \/>\n\t<meta name=\"twitter:data1\" content=\"1 minute\" \/>\n<script type=\"application\/ld+json\" class=\"yoast-schema-graph\">{\"@context\":\"https:\/\/schema.org\",\"@graph\":[{\"@type\":\"WebPage\",\"@id\":\"https:\/\/okochoko.com\/product\/coffret-de-24-pralines-okochoko\/\",\"url\":\"https:\/\/okochoko.com\/product\/coffret-de-24-pralines-okochoko\/\",\"name\":\"Coffret de 24 pralin\u00e9s OKOCHOKO - okochoko.com\",\"isPartOf\":{\"@id\":\"https:\/\/okochoko.com\/#website\"},\"primaryImageOfPage\":{\"@id\":\"https:\/\/okochoko.com\/product\/coffret-de-24-pralines-okochoko\/#primaryimage\"},\"image\":{\"@id\":\"https:\/\/okochoko.com\/product\/coffret-de-24-pralines-okochoko\/#primaryimage\"},\"thumbnailUrl\":\"https:\/\/okochoko.com\/wp-content\/uploads\/2023\/03\/Boite-de-24-pralines-2-scaled-1000.png\",\"datePublished\":\"2023-03-13T10:23:03+00:00\",\"dateModified\":\"2025-10-15T17:19:53+00:00\",\"breadcrumb\":{\"@id\":\"https:\/\/okochoko.com\/product\/coffret-de-24-pralines-okochoko\/#breadcrumb\"},\"inLanguage\":\"en-US\",\"potentialAction\":[{\"@type\":\"ReadAction\",\"target\":[\"https:\/\/okochoko.com\/product\/coffret-de-24-pralines-okochoko\/\"]}]},{\"@type\":\"ImageObject\",\"inLanguage\":\"en-US\",\"@id\":\"https:\/\/okochoko.com\/product\/coffret-de-24-pralines-okochoko\/#primaryimage\",\"url\":\"https:\/\/okochoko.com\/wp-content\/uploads\/2023\/03\/Boite-de-24-pralines-2-scaled-1000.png\",\"contentUrl\":\"https:\/\/okochoko.com\/wp-content\/uploads\/2023\/03\/Boite-de-24-pralines-2-scaled-1000.png\",\"width\":1000,\"height\":801},{\"@type\":\"BreadcrumbList\",\"@id\":\"https:\/\/okochoko.com\/product\/coffret-de-24-pralines-okochoko\/#breadcrumb\",\"itemListElement\":[{\"@type\":\"ListItem\",\"position\":1,\"name\":\"Home\",\"item\":\"https:\/\/okochoko.com\/\"},{\"@type\":\"ListItem\",\"position\":2,\"name\":\"Boutique\",\"item\":\"https:\/\/okochoko.com\/achat\/\"},{\"@type\":\"ListItem\",\"position\":3,\"name\":\"Coffret de 24 pralin\u00e9s OKOCHOKO\"}]},{\"@type\":\"WebSite\",\"@id\":\"https:\/\/okochoko.com\/#website\",\"url\":\"https:\/\/okochoko.com\/\",\"name\":\"okochoko.com\",\"description\":\"Bienvenue\",\"publisher\":{\"@id\":\"https:\/\/okochoko.com\/#organization\"},\"potentialAction\":[{\"@type\":\"SearchAction\",\"target\":{\"@type\":\"EntryPoint\",\"urlTemplate\":\"https:\/\/okochoko.com\/?s={search_term_string}\"},\"query-input\":{\"@type\":\"PropertyValueSpecification\",\"valueRequired\":true,\"valueName\":\"search_term_string\"}}],\"inLanguage\":\"en-US\"},{\"@type\":\"Organization\",\"@id\":\"https:\/\/okochoko.com\/#organization\",\"name\":\"okochoko.com\",\"url\":\"https:\/\/okochoko.com\/\",\"logo\":{\"@type\":\"ImageObject\",\"inLanguage\":\"en-US\",\"@id\":\"https:\/\/okochoko.com\/#\/schema\/logo\/image\/\",\"url\":\"https:\/\/okochoko.com\/wp-content\/uploads\/2023\/03\/cropped-Logo-Jpg-scaled-1-e1736333391448.jpg\",\"contentUrl\":\"https:\/\/okochoko.com\/wp-content\/uploads\/2023\/03\/cropped-Logo-Jpg-scaled-1-e1736333391448.jpg\",\"width\":150,\"height\":150,\"caption\":\"okochoko.com\"},\"image\":{\"@id\":\"https:\/\/okochoko.com\/#\/schema\/logo\/image\/\"}}]}<\/script>\n<!-- \/ Yoast SEO plugin. -->","yoast_head_json":{"title":"Coffret de 24 pralin\u00e9s OKOCHOKO - okochoko.com","robots":{"index":"index","follow":"follow","max-snippet":"max-snippet:-1","max-image-preview":"max-image-preview:large","max-video-preview":"max-video-preview:-1"},"canonical":"https:\/\/okochoko.com\/en\/product\/coffret-de-24-pralines-okochoko\/","og_locale":"en_US","og_type":"article","og_title":"Coffret de 24 pralin\u00e9s OKOCHOKO - okochoko.com","og_description":"Le coffret de pralin\u00e9s OKOCHOKO est une boite de 240g. Il contient 24 pralin\u00e9s faits \u00e0 base de noix d\u2019anacarde du B\u00e9nin dont la qualit\u00e9 est bien reconnue. Les noix de cajou subissent une double torr\u00e9faction qui r\u00e9v\u00e8le leur saveur et leurs aromes. Gr\u00e2ce \u00e0 une technique sp\u00e9ciale, nous donnons un craquant \u00e0 la praline qui est enrob\u00e9e dans le chocolat. Chaque pi\u00e8ce est r\u00e9alis\u00e9e \u00e0 la main pi\u00e8ce par pi\u00e8ce par notre \u00e9quipe. Le coffret contient 6 pralin\u00e9s aux formes et saveurs diff\u00e9rentes. Le coffret de pralin\u00e9s est \u00e9l\u00e9gant, adapt\u00e9 pour \u00eatre offert en cadeau ou pour \u00eatre d\u00e9gust\u00e9 en famille ou entre amis. C\u2019est recommand\u00e9 aussi bien pour tous les \u00e2ges.","og_url":"https:\/\/okochoko.com\/en\/product\/coffret-de-24-pralines-okochoko\/","og_site_name":"okochoko.com","article_modified_time":"2025-10-15T17:19:53+00:00","og_image":[{"width":1000,"height":801,"url":"https:\/\/okochoko.com\/wp-content\/uploads\/2023\/03\/Boite-de-24-pralines-2-scaled-1000.png","type":"image\/png"}],"twitter_card":"summary_large_image","twitter_misc":{"Est. reading time":"1 minute"},"schema":{"@context":"https:\/\/schema.org","@graph":[{"@type":"WebPage","@id":"https:\/\/okochoko.com\/product\/coffret-de-24-pralines-okochoko\/","url":"https:\/\/okochoko.com\/product\/coffret-de-24-pralines-okochoko\/","name":"Coffret de 24 pralin\u00e9s OKOCHOKO - okochoko.com","isPartOf":{"@id":"https:\/\/okochoko.com\/#website"},"primaryImageOfPage":{"@id":"https:\/\/okochoko.com\/product\/coffret-de-24-pralines-okochoko\/#primaryimage"},"image":{"@id":"https:\/\/okochoko.com\/product\/coffret-de-24-pralines-okochoko\/#primaryimage"},"thumbnailUrl":"https:\/\/okochoko.com\/wp-content\/uploads\/2023\/03\/Boite-de-24-pralines-2-scaled-1000.png","datePublished":"2023-03-13T10:23:03+00:00","dateModified":"2025-10-15T17:19:53+00:00","breadcrumb":{"@id":"https:\/\/okochoko.com\/product\/coffret-de-24-pralines-okochoko\/#breadcrumb"},"inLanguage":"en-US","potentialAction":[{"@type":"ReadAction","target":["https:\/\/okochoko.com\/product\/coffret-de-24-pralines-okochoko\/"]}]},{"@type":"ImageObject","inLanguage":"en-US","@id":"https:\/\/okochoko.com\/product\/coffret-de-24-pralines-okochoko\/#primaryimage","url":"https:\/\/okochoko.com\/wp-content\/uploads\/2023\/03\/Boite-de-24-pralines-2-scaled-1000.png","contentUrl":"https:\/\/okochoko.com\/wp-content\/uploads\/2023\/03\/Boite-de-24-pralines-2-scaled-1000.png","width":1000,"height":801},{"@type":"BreadcrumbList","@id":"https:\/\/okochoko.com\/product\/coffret-de-24-pralines-okochoko\/#breadcrumb","itemListElement":[{"@type":"ListItem","position":1,"name":"Home","item":"https:\/\/okochoko.com\/"},{"@type":"ListItem","position":2,"name":"Boutique","item":"https:\/\/okochoko.com\/achat\/"},{"@type":"ListItem","position":3,"name":"Coffret de 24 pralin\u00e9s OKOCHOKO"}]},{"@type":"WebSite","@id":"https:\/\/okochoko.com\/#website","url":"https:\/\/okochoko.com\/","name":"okochoko.com","description":"Bienvenue","publisher":{"@id":"https:\/\/okochoko.com\/#organization"},"potentialAction":[{"@type":"SearchAction","target":{"@type":"EntryPoint","urlTemplate":"https:\/\/okochoko.com\/?s={search_term_string}"},"query-input":{"@type":"PropertyValueSpecification","valueRequired":true,"valueName":"search_term_string"}}],"inLanguage":"en-US"},{"@type":"Organization","@id":"https:\/\/okochoko.com\/#organization","name":"okochoko.com","url":"https:\/\/okochoko.com\/","logo":{"@type":"ImageObject","inLanguage":"en-US","@id":"https:\/\/okochoko.com\/#\/schema\/logo\/image\/","url":"https:\/\/okochoko.com\/wp-content\/uploads\/2023\/03\/cropped-Logo-Jpg-scaled-1-e1736333391448.jpg","contentUrl":"https:\/\/okochoko.com\/wp-content\/uploads\/2023\/03\/cropped-Logo-Jpg-scaled-1-e1736333391448.jpg","width":150,"height":150,"caption":"okochoko.com"},"image":{"@id":"https:\/\/okochoko.com\/#\/schema\/logo\/image\/"}}]}},"_links":{"self":[{"href":"https:\/\/okochoko.com\/en\/wp-json\/wp\/v2\/product\/8510","targetHints":{"allow":["GET"]}}],"collection":[{"href":"https:\/\/okochoko.com\/en\/wp-json\/wp\/v2\/product"}],"about":[{"href":"https:\/\/okochoko.com\/en\/wp-json\/wp\/v2\/types\/product"}],"replies":[{"embeddable":true,"href":"https:\/\/okochoko.com\/en\/wp-json\/wp\/v2\/comments?post=8510"}],"version-history":[{"count":1,"href":"https:\/\/okochoko.com\/en\/wp-json\/wp\/v2\/product\/8510\/revisions"}],"predecessor-version":[{"id":8516,"href":"https:\/\/okochoko.com\/en\/wp-json\/wp\/v2\/product\/8510\/revisions\/8516"}],"wp:featuredmedia":[{"embeddable":true,"href":"https:\/\/okochoko.com\/en\/wp-json\/wp\/v2\/media\/15208"}],"wp:attachment":[{"href":"https:\/\/okochoko.com\/en\/wp-json\/wp\/v2\/media?parent=8510"}],"wp:term":[{"taxonomy":"product_brand","embeddable":true,"href":"https:\/\/okochoko.com\/en\/wp-json\/wp\/v2\/product_brand?post=8510"},{"taxonomy":"product_cat","embeddable":true,"href":"https:\/\/okochoko.com\/en\/wp-json\/wp\/v2\/product_cat?post=8510"},{"taxonomy":"product_tag","embeddable":true,"href":"https:\/\/okochoko.com\/en\/wp-json\/wp\/v2\/product_tag?post=8510"}],"curies":[{"name":"wp","href":"https:\/\/api.w.org\/{rel}","templated":true}]}}